{"id":16,"date":"2024-01-29T16:48:23","date_gmt":"2024-01-29T16:48:23","guid":{"rendered":"https:\/\/startersites.io\/blocksy\/smile-dent\/?page_id=16"},"modified":"2026-03-16T19:31:04","modified_gmt":"2026-03-16T19:31:04","slug":"contact","status":"publish","type":"page","link":"https:\/\/kinemedic.com.py\/index.php\/contact\/","title":{"rendered":"Contact"},"content":{"rendered":"\n<div class=\"wp-block-stackable-spacer stk-block-spacer stk--no-padding stk-block stk-e0dc785\" data-block-id=\"e0dc785\"><\/div>\n\n\n\n<div class=\"wp-block-greenshift-blocks-row gspb_row gspb_row-id-gsbp-6e2e20b gspb_row--gutter-custom-0\" id=\"gspb_row-id-gsbp-6e2e20b\"><div class=\"gspb_row__content\"> \n<div class=\"wp-block-greenshift-blocks-row-column gspb_row__col--6 gspb_row__col--md-12 gspb_col-id-gsbp-cb4d77e\" id=\"gspb_col-id-gsbp-cb4d77e\">\n<div class=\"wp-block-greenshift-blocks-iconbox gspb_iconBox gspb_iconBox-id-gsbp-45dde79\" id=\"gspb_iconBox-id-gsbp-45dde79\"><div class=\"gspb_iconBox__wrapper\" style=\"display:inline-flex\"><svg class=\"\" style=\"display:inline-block;vertical-align:middle\" width=\"72\" height=\"72\" viewBox=\"0 0 1024 1024\" xmlns=\"http:\/\/www.w3.org\/2000\/svg\"><path style=\"fill:#565D66\" d=\"M953 45.8l-188.4-43.4c-43.2-10-87.2 12.4-104.6 53.2l-87 203c-16 37.2-5.2 81.2 26.2 106.8l80 65.4c-57.2 104.8-143.6 191.2-248.4 248.2l-65.4-80c-25.6-31.4-69.6-42.2-106.8-26.2l-203.2 87c-40.8 17.4-63 61.4-53.2 104.6l43.4 188.4c9.6 41.8 46.4 71 89.2 71 489.8 0.2 889.2-396.4 889.2-888.8 0-42.8-29.2-79.6-71-89.2zM138.6 928l-41.8-181.4 196.4-84.2 111.4 136.2c197.6-92.8 301.2-196 394-394l-136.2-111.4 84.2-196.4 181.4 41.8c-2 435.2-354.2 787.4-789.4 789.4z\"><\/path><\/svg><\/div><\/div>\n\n\n\n<h2 id=\"gspb_heading-id-gsbp-ffac296\" class=\"gspb_heading gspb_heading-id-gsbp-ffac296 \">LLAMA HOY MISMO<\/h2>\n\n\n\n<div id=\"gspb_text-id-gsbp-796777c\" class=\"gspb_text gspb_text-id-gsbp-796777c \">(0972999192)<\/div>\n\n\n\n<div class=\"wp-block-greenshift-blocks-iconbox gspb_iconBox gspb_iconBox-id-gsbp-e1f4a87\" id=\"gspb_iconBox-id-gsbp-e1f4a87\"><div class=\"gspb_iconBox__wrapper\" style=\"display:inline-flex\"><svg class=\"\" style=\"display:inline-block;vertical-align:middle\" width=\"72\" height=\"72\" viewBox=\"0 0 1024 1024\" xmlns=\"http:\/\/www.w3.org\/2000\/svg\"><path style=\"fill:#565D66\" d=\"M928 128h-832c-53 0-96 43-96 96v576c0 53 43 96 96 96h832c53 0 96-43 96-96v-576c0-53-43-96-96-96zM96 192h832c17.6 0 32 14.4 32 32v82.8c-43.8 37-106.4 88-301.2 242.6-33.8 26.8-100.4 91.4-146.8 90.6-46.4 0.8-113.2-63.8-146.8-90.6-194.8-154.6-257.4-205.6-301.2-242.6v-82.8c0-17.6 14.4-32 32-32zM928 832h-832c-17.6 0-32-14.4-32-32v-410c45.6 37.4 117.6 95.2 261.4 209.4 41 32.8 113.4 105 186.6 104.6 72.8 0.6 144.6-71 186.6-104.6 143.8-114.2 215.8-172 261.4-209.4v410c0 17.6-14.4 32-32 32z\"><\/path><\/svg><\/div><\/div>\n\n\n\n<h2 id=\"gspb_heading-id-gsbp-e3d6d52\" class=\"gspb_heading gspb_heading-id-gsbp-e3d6d52 \">NUESTRO CORREO ELECTRONICO<\/h2>\n\n\n\n<div id=\"gspb_text-id-gsbp-a6fe7af\" class=\"gspb_text gspb_text-id-gsbp-a6fe7af \">kinemedic.py@gmail.com<\/div>\n<\/div>\n\n\n\n<div class=\"wp-block-greenshift-blocks-row-column gspb_row__col--6 gspb_row__col--md-12 gspb_col-id-gsbp-46d49b7\" id=\"gspb_col-id-gsbp-46d49b7\">\n<h2 id=\"gspb_heading-id-gsbp-d1b4c76\" class=\"gspb_heading gspb_heading-id-gsbp-d1b4c76 \">Estamos aqu\u00ed para ayudarte a recuperar tu mejor versi\u00f3n.<\/h2>\n\n\n\n<div id=\"gspb_text-id-gsbp-2c13756\" class=\"gspb_text gspb_text-id-gsbp-2c13756 \">\u00bfTienes dudas sobre nuestros tratamientos, necesitas agendar una evaluaci\u00f3n o tienes una urgencia? Escr\u00edbenos y nuestro equipo te atender\u00e1 de inmediato.<\/div>\n\n\n<div class='fluentform ff-inherit-theme-style fluentform_wrapper_1  ff_guten_block ff_guten_block-1'><form data-form_id=\"1\" id=\"fluentform_1\" class=\"frm-fluent-form fluent_form_1 ff-el-form-top ff_form_instance_1_1 ff-form-loading ffs_inherit_theme\" data-form_instance=\"ff_form_instance_1_1\" method=\"POST\" ><fieldset  style=\"border: none!important;margin: 0!important;padding: 0!important;background-color: transparent!important;box-shadow: none!important;outline: none!important; min-inline-size: 100%;\">\n                    <legend class=\"ff_screen_reader_title\" style=\"display: block; margin: 0!important;padding: 0!important;height: 0!important;text-indent: -999999px;width: 0!important;overflow:hidden;\">FORMULARIO DEL PACIENTE<\/legend><input type='hidden' name='__fluent_form_embded_post_id' value='16' \/><input type=\"hidden\" id=\"_fluentform_1_fluentformnonce\" name=\"_fluentform_1_fluentformnonce\" value=\"b76adcb6a6\" \/><input type=\"hidden\" name=\"_wp_http_referer\" value=\"\/index.php\/wp-json\/wp\/v2\/pages\/16\" \/><div data-name=\"ff_cn_id_1\"  class='ff-t-container ff-column-container ff_columns_total_2 '><div class='ff-t-cell ff-t-column-1' style='flex-basis: 50%;'><div class='ff-el-group'><div class=\"ff-el-input--label ff-el-is-required asterisk-right\"><label for='ff_1_input_text_1' id='label_ff_1_input_text_1' aria-label=\"NOMBRE\">NOMBRE<\/label><\/div><div class='ff-el-input--content'><input type=\"text\" name=\"input_text_1\" class=\"ff-el-form-control\" data-name=\"input_text_1\" id=\"ff_1_input_text_1\"  aria-invalid=\"false\" aria-required=true><\/div><\/div><\/div><div class='ff-t-cell ff-t-column-2' style='flex-basis: 50%;'><div class='ff-el-group'><div class=\"ff-el-input--label ff-el-is-required asterisk-right\"><label for='ff_1_input_text' id='label_ff_1_input_text' aria-label=\"NUMERO DE TELEFONO\">NUMERO DE TELEFONO<\/label><\/div><div class='ff-el-input--content'><input type=\"text\" name=\"input_text\" class=\"ff-el-form-control\" data-name=\"input_text\" id=\"ff_1_input_text\"  aria-invalid=\"false\" aria-required=true><\/div><\/div><\/div><\/div><div data-name=\"ff_cn_id_2\"  class='ff-t-container ff-column-container ff_columns_total_2 '><div class='ff-t-cell ff-t-column-1' style='flex-basis: 50%;'><div class='ff-el-group'><div class=\"ff-el-input--label ff-el-is-required asterisk-right\"><label for='ff_1_dropdown' id='label_ff_1_dropdown' aria-label=\"ESPECIALIDAD\">ESPECIALIDAD<\/label><\/div><div class='ff-el-input--content'><select name=\"dropdown\" id=\"ff_1_dropdown\" class=\"ff-el-form-control\" data-name=\"dropdown\" data-calc_value=\"0\"  aria-invalid=\"false\" aria-required=\"true\" aria-labelledby=\"label_ff_1_dropdown\"><option value=\"Dr. Daniel\"  >Dr. Daniel<\/option><option value=\"Dr. Barbara\"  >Dr. Barbara<\/option><option value=\"Dr. Samantha\"  >Dr. Samantha<\/option><option value=\"Dr. Colins\"  >Dr. Colins<\/option><option value=\"Dr. Clarice\"  >Dr. Clarice<\/option><\/select><\/div><\/div><\/div><div class='ff-t-cell ff-t-column-2' style='flex-basis: 50%;'><div class='ff-el-group'><div class=\"ff-el-input--label ff-el-is-required asterisk-right\"><label for='ff_1_datetime' id='label_ff_1_datetime' aria-label=\"DIA Y HORA DE CONSULTA\">DIA Y HORA DE CONSULTA<\/label><\/div><div class='ff-el-input--content'><input  aria-label='DIA Y HORA DE CONSULTA Usa las flechas para navegar por las fechas. Pulsa Intro para seleccionar una fecha.'  aria-haspopup='dialog' data-type-datepicker data-format='d.m.Y h:i K' type=\"text\" name=\"datetime\" id=\"ff_1_datetime\" class=\"ff-el-form-control ff-el-datepicker\" data-name=\"datetime\"  aria-invalid='false' aria-required=true><\/div><\/div><\/div><\/div><div class='ff-el-group'><div class=\"ff-el-input--label asterisk-right\"><label for='ff_1_message' id='label_ff_1_message' aria-label=\"ESCRIBE TU MENSAJE\">ESCRIBE TU MENSAJE<\/label><\/div><div class='ff-el-input--content'><textarea aria-required=\"false\" aria-labelledby=\"label_ff_1_message\" name=\"message\" id=\"ff_1_message\" class=\"ff-el-form-control\" rows=\"4\" cols=\"2\" data-name=\"message\" ><\/textarea><\/div><\/div><div class='ff-el-group ff-text-left ff_submit_btn_wrapper'><button type=\"submit\" class=\"ff-btn ff-btn-submit ff-btn-md ff_btn_no_style\"  aria-label=\"ENVIAR MENSAJE A KINEMEDIC\">ENVIAR MENSAJE A KINEMEDIC<\/button><\/div><\/fieldset><\/form><div id='fluentform_1_errors' class='ff-errors-in-stack ff_form_instance_1_1 ff-form-loading_errors ff_form_instance_1_1_errors'><\/div><\/div>            <script type=\"text\/javascript\">\n                window.fluent_form_ff_form_instance_1_1 = {\"id\":\"1\",\"ajaxUrl\":\"https:\\\/\\\/kinemedic.com.py\\\/wp-admin\\\/admin-ajax.php\",\"settings\":{\"layout\":{\"labelPlacement\":\"top\",\"helpMessagePlacement\":\"with_label\",\"errorMessagePlacement\":\"inline\",\"cssClassName\":\"\",\"asteriskPlacement\":\"asterisk-right\"},\"restrictions\":{\"denyEmptySubmission\":{\"enabled\":false}}},\"form_instance\":\"ff_form_instance_1_1\",\"form_id_selector\":\"fluentform_1\",\"rules\":{\"input_text_1\":{\"required\":{\"value\":true,\"message\":\"Este campo es obligatorio\",\"global_message\":\"Este campo es obligatorio\",\"global\":true}},\"input_text\":{\"required\":{\"value\":true,\"message\":\"Este campo es obligatorio\",\"global_message\":\"Este campo es obligatorio\",\"global\":true}},\"dropdown\":{\"required\":{\"value\":true,\"message\":\"Este campo es obligatorio\",\"global_message\":\"Este campo es obligatorio\",\"global\":true}},\"datetime\":{\"required\":{\"value\":true,\"message\":\"Este campo es obligatorio\",\"global_message\":\"Este campo es obligatorio\",\"global\":true}},\"message\":{\"required\":{\"value\":false,\"message\":\"This field is required\",\"global\":false,\"global_message\":\"Este campo es obligatorio\"}}},\"debounce_time\":300};\n                            <\/script>\n            <\/div>\n <\/div><\/div>\n\n\n\n<div class=\"wp-block-greenshift-blocks-row gspb_row gspb_row-id-gsbp-d224a29 gspb_row--gutter-custom-0\" id=\"gspb_row-id-gsbp-d224a29\"><div class=\"gspb_row__content\"> \n<div class=\"wp-block-greenshift-blocks-row-column gspb_row__col--6 gspb_row__col--md-12 gspb_col-id-gsbp-3f096c4\" id=\"gspb_col-id-gsbp-3f096c4\">\n<h3 id=\"gspb_heading-id-gsbp-d9024e8\" class=\"gspb_heading gspb_heading-id-gsbp-d9024e8 \">TENEMOS LOS MEJORES PLANES DE RECUPERACION PARA VOS<\/h3>\n\n\n\n<div id=\"gspb_text-id-gsbp-105d8e4\" class=\"gspb_text gspb_text-id-gsbp-105d8e4 \">ENVIANOS TU CORREO ELECTRONICO Y NUESTRO EQUIPO SE ENCARGA DEL RESTO<\/div>\n<\/div>\n\n\n\n<div class=\"wp-block-greenshift-blocks-row-column gspb_row__col--6 gspb_row__col--md-12 gspb_col-id-gsbp-a3dc620\" id=\"gspb_col-id-gsbp-a3dc620\">\n<div class=\"wp-block-greenshift-blocks-container gspb_container gspb_container-gsbp-bf50111\" id=\"gspb_container-id-gsbp-bf50111\"><div class=\"ct-block-wrapper\">\n<div class=\"ct-newsletter-subscribe-block\">\t<form action=\"#\" method=\"post\" target=\"_blank\" class=\"ct-newsletter-subscribe-form\" data-provider=\"demo:demolist\">\n\n\t\t<div class=\"ct-newsletter-subscribe-form-elements\" data-columns=\"2\">\n\t\t\t\n\t\t\t<input\n\t\t\t\ttype=\"email\"\n\t\t\t\tname=\"EMAIL\"\n\t\t\t\tplaceholder=\"Tu correo electr\u00f3nico *\"\n\t\t\t\ttitle=\"Direcci\u00f3n de correo electr\u00f3nico\"\n\t\t\t\taria-label=\"Direcci\u00f3n de correo electr\u00f3nico\"\n\t\t\t\trequired>\n\n\t\t\t<button class=\"wp-element-button\" >\n\t\t\t\tENVIAR\t\t\t<\/button>\n\t\t<\/div>\n\n\t\t\n\t\t<div class=\"ct-newsletter-subscribe-message\"><\/div>\n\t<\/form>\n\n<\/div>\n\n<\/div><\/div>\n<\/div>\n <\/div><\/div>\n\n\n\n<div class=\"wp-block-stackable-spacer stk-block-spacer stk--no-padding stk-block stk-b5b982f\" data-block-id=\"b5b982f\"><\/div>\n\n\n\n<div class=\"wp-block-stackable-spacer stk-block-spacer stk--no-padding stk-block stk-77b9722\" data-block-id=\"77b9722\"><style>.stk-77b9722 {height:150px !important;}<\/style><\/div>\n\n\n\n<div id=\"gspb_text-id-gsbp-bfed62f\" class=\"gspb_text gspb_text-id-gsbp-bfed62f \">NUESTRA UBICACION<\/div>\n\n\n\n<div class=\"wp-block-stackable-map stk-block-map stk-block stk-ba595f4\" data-block-id=\"ba595f4\"><iframe\n\t\t\t\t\t\ttitle=\"Embedded content from Google Maps Platform.\"\n\t\t\t\t\t\tsrc=\"https:\/\/maps.google.com\/maps?q=San Lorenzo 1477 c, San Lorenzo 111418&#038;t=&#038;z=12&#038;ie=UTF8&#038;output=embed\"\n\t\t\t\t\t\tstyle=\"border:0;width:100%;max-width:none;max-height:none;height:100%;\"\n\t\t\t\t\t\taria-hidden=\"false\"\n\t\t\t\t\t\ttabIndex=\"0\"\n\t\t\t\t\t\tallowfullscreen\n\t\t\t\t\t\tloading=\"lazy\"\n\t\t\t\t\t\tframeBorder=\"0\"\n\t\t\t\t\t><\/iframe><\/div>\n","protected":false},"excerpt":{"rendered":"","protected":false},"author":1,"featured_media":0,"parent":0,"menu_order":0,"comment_status":"closed","ping_status":"closed","template":"","meta":{"_gspb_post_css":"@import url(https:\/\/fonts.googleapis.com\/css?family=Nunito);#gspb_row-id-gsbp-6e2e20b{justify-content:space-between;margin-top:0;display:flex;flex-wrap:wrap;margin-bottom:110px}#gspb_row-id-gsbp-6e2e20b>.gspb_row__content{display:flex;justify-content:space-between;margin:0 auto;width:100%;flex-wrap:wrap}div[id^=gspb_col-id]{box-sizing:border-box;position:relative;padding:var(--gs-row-column-padding, 15px min(3vw, 20px))}@media (max-width:991.98px){#gspb_row-id-gsbp-6e2e20b>.gspb_row__content{row-gap:80px}}@media (max-width:575.98px){#gspb_row-id-gsbp-6e2e20b>.gspb_row__content{row-gap:60px}}body.gspb-bodyfront #gspb_row-id-gsbp-6e2e20b>.gspb_row__content{width:var(--theme-container-width, 1200px);max-width:var(--theme-normal-container-max-width, 1200px)}@media (max-width:991.98px){#gspb_row-id-gsbp-6e2e20b{margin-bottom:80px}}@media (max-width:575.98px){#gspb_row-id-gsbp-6e2e20b{margin-bottom:60px}}#gspb_col-id-gsbp-cb4d77e.gspb_row__col--6{width:calc(50% - 40px)}@media (max-width:991.98px){#gspb_col-id-gsbp-cb4d77e.gspb_row__col--6{width:100%}}@media (max-width:767.98px){#gspb_col-id-gsbp-cb4d77e.gspb_row__col--6{width:calc(100% - 40px)}}@media (max-width:575.98px){#gspb_col-id-gsbp-cb4d77e.gspb_row__col--6{width:100%}}@media (min-width:992px){body.gspb-bodyfront #gspb_col-id-gsbp-cb4d77e.gspb_row__col--6{width:calc(45% - 0px - 40px)}}.gspb_row #gspb_col-id-gsbp-cb4d77e.gspb_row__col--6{padding:60px}@media (max-width:991.98px){.gspb_row #gspb_col-id-gsbp-cb4d77e.gspb_row__col--6{padding:50px}}@media (max-width:575.98px){.gspb_row #gspb_col-id-gsbp-cb4d77e.gspb_row__col--6{padding:35px}}#gspb_col-id-gsbp-cb4d77e.gspb_row__col--6{background-color:var(--wp--preset--color--palette-color-9, var(--theme-palette-color-9, #FFE8DA))}@media (max-width:991.98px){#gspb_col-id-gsbp-cb4d77e.gspb_row__col--6{background-color:var(--wp--preset--color--palette-color-9, var(--theme-palette-color-9, #FFE8DA))}}@media (max-width:767.98px){#gspb_col-id-gsbp-cb4d77e.gspb_row__col--6{background-color:var(--wp--preset--color--palette-color-9, var(--theme-palette-color-9, #FFE8DA))}}@media (max-width:575.98px){#gspb_col-id-gsbp-cb4d77e.gspb_row__col--6{background-color:var(--wp--preset--color--palette-color-9, var(--theme-palette-color-9, #FFE8DA))}}#gspb_col-id-gsbp-cb4d77e.gspb_row__col--6,#gspb_col-id-gsbp-cb4d77e.gspb_row__col--6>.gspb_backgroundOverlay{border-top-left-radius:40px;border-top-right-radius:40px;border-bottom-right-radius:40px;border-bottom-left-radius:40px}#gspb_iconBox-id-gsbp-45dde79{display:flex}@media (max-width:991.98px){#gspb_iconBox-id-gsbp-45dde79{justify-content:center}}#gspb_iconBox-id-gsbp-45dde79 svg,#gspb_iconBox-id-gsbp-45dde79 svg path,#gspb_iconBox-id-gsbp-45dde79 svg:hover,#gspb_iconBox-id-gsbp-45dde79 svg:hover path{fill:var(--theme-link-initial-color, #2184f9)!important}#gspb_iconBox-id-gsbp-45dde79 .gspb_iconBox__wrapper{margin-top:0;margin-bottom:15px}#gspb_heading-id-gsbp-ffac296{font-size:20px;text-align:center!important}#gspb_heading-id-gsbp-ffac296 .gsap-g-line,.gspb_text-id-gsbp-796777c,.gspb_text-id-gsbp-796777c .gsap-g-line{text-align:center!important}@media (max-width:991.98px){#gspb_heading-id-gsbp-ffac296,#gspb_heading-id-gsbp-ffac296 .gsap-g-line{text-align:center!important}}#gspb_heading-id-gsbp-ffac296{margin-top:0;margin-bottom:5px}@media (max-width:991.98px){.gspb_text-id-gsbp-796777c,.gspb_text-id-gsbp-796777c .gsap-g-line{text-align:center!important}}.gspb_text-id-gsbp-796777c{color:var(--wp--preset--color--palette-color-2, var(--theme-palette-color-2, #24417C));margin-bottom:50px!important}#gspb_iconBox-id-gsbp-45dde79 svg,#gspb_iconBox-id-gsbp-e1f4a87 svg{height:30px!important;width:30px!important;min-width:30px!important;margin:0!important;transform:rotateY(180deg)}#gspb_iconBox-id-gsbp-e1f4a87{display:flex}@media (max-width:991.98px){#gspb_iconBox-id-gsbp-e1f4a87{justify-content:center}}#gspb_iconBox-id-gsbp-e1f4a87 svg,#gspb_iconBox-id-gsbp-e1f4a87 svg path,#gspb_iconBox-id-gsbp-e1f4a87 svg:hover,#gspb_iconBox-id-gsbp-e1f4a87 svg:hover path{fill:var(--theme-link-initial-color, #2184f9)!important}#gspb_iconBox-id-gsbp-e1f4a87 .gspb_iconBox__wrapper{margin-top:0;margin-bottom:15px}#gspb_heading-id-gsbp-e3d6d52{font-size:20px;text-align:center!important}#gspb_heading-id-gsbp-e3d6d52 .gsap-g-line,.gspb_text-id-gsbp-a6fe7af,.gspb_text-id-gsbp-a6fe7af .gsap-g-line{text-align:center!important}@media (max-width:991.98px){#gspb_heading-id-gsbp-e3d6d52,#gspb_heading-id-gsbp-e3d6d52 .gsap-g-line{text-align:center!important}}#gspb_heading-id-gsbp-e3d6d52{margin-top:0;margin-bottom:5px}@media (max-width:991.98px){.gspb_text-id-gsbp-a6fe7af,.gspb_text-id-gsbp-a6fe7af .gsap-g-line{text-align:center!important}}.gspb_text-id-gsbp-a6fe7af{color:var(--wp--preset--color--palette-color-2, var(--theme-palette-color-2, #24417C));margin-bottom:50px!important}#gspb_col-id-gsbp-46d49b7.gspb_row__col--6{width:calc(50% - 40px)}@media (max-width:991.98px){#gspb_col-id-gsbp-46d49b7.gspb_row__col--6{width:100%}}@media (max-width:767.98px){#gspb_col-id-gsbp-46d49b7.gspb_row__col--6{width:calc(100% - 40px)}}@media (max-width:575.98px){#gspb_col-id-gsbp-46d49b7.gspb_row__col--6{width:100%}}@media (min-width:992px){body.gspb-bodyfront #gspb_col-id-gsbp-46d49b7.gspb_row__col--6{width:calc(55% - 0px - 40px)}}.gspb_row #gspb_col-id-gsbp-3f096c4.gspb_row__col--6,.gspb_row #gspb_col-id-gsbp-46d49b7.gspb_row__col--6,.gspb_row #gspb_col-id-gsbp-a3dc620.gspb_row__col--6{padding:0}@media (max-width:991.98px){#gspb_heading-id-gsbp-d1b4c76{font-size:30px}}@media (max-width:575.98px){#gspb_heading-id-gsbp-d1b4c76{font-size:25px}}#gspb_heading-id-gsbp-d1b4c76,#gspb_heading-id-gsbp-d1b4c76 .gsap-g-line{text-align:center!important}@media (max-width:991.98px){#gspb_heading-id-gsbp-d1b4c76,#gspb_heading-id-gsbp-d1b4c76 .gsap-g-line{text-align:center!important}}#gspb_heading-id-gsbp-d1b4c76{margin-top:0;margin-bottom:10px}@media (max-width:991.98px){.gspb_text-id-gsbp-2c13756,.gspb_text-id-gsbp-2c13756 .gsap-g-line{text-align:center!important}}.gspb_text-id-gsbp-2c13756{margin-bottom:40px!important}#gspb_row-id-gsbp-d224a29{justify-content:space-between;margin-top:0;display:flex;flex-wrap:wrap;align-content:center;margin-bottom:-115px;padding:60px}#gspb_row-id-gsbp-d224a29>.gspb_row__content{display:flex;justify-content:space-between;margin:0 auto;width:100%;flex-wrap:wrap}.gspb_row{position:relative}@media (max-width:991.98px){#gspb_row-id-gsbp-d224a29>.gspb_row__content{row-gap:40px}}#gspb_row-id-gsbp-d224a29>.gspb_row__content{align-items:center}body.gspb-bodyfront #gspb_row-id-gsbp-d224a29>.gspb_row__content{width:var(--theme-container-width, 1200px);max-width:var(--theme-normal-container-max-width, 1200px)}@media (max-width:991.98px){#gspb_row-id-gsbp-d224a29{padding:50px}}@media (max-width:575.98px){#gspb_row-id-gsbp-d224a29{padding:35px}}#gspb_row-id-gsbp-d224a29{background-color:var(--wp--preset--color--palette-color-2, var(--theme-palette-color-2, #24417C))}@media (max-width:991.98px){#gspb_row-id-gsbp-d224a29{background-color:var(--wp--preset--color--palette-color-2, var(--theme-palette-color-2, #24417C))}}@media (max-width:767.98px){#gspb_row-id-gsbp-d224a29{background-color:var(--wp--preset--color--palette-color-2, var(--theme-palette-color-2, #24417C))}}@media (max-width:575.98px){#gspb_row-id-gsbp-d224a29{background-color:var(--wp--preset--color--palette-color-2, var(--theme-palette-color-2, #24417C))}}#gspb_row-id-gsbp-d224a29,#gspb_row-id-gsbp-d224a29>.gspb_backgroundOverlay{border-top-left-radius:40px;border-top-right-radius:40px;border-bottom-right-radius:40px;border-bottom-left-radius:40px}body.gspb-bodyfront #gspb_row-id-gsbp-d224a29{z-index:3}#gspb_col-id-gsbp-3f096c4.gspb_row__col--6{width:calc(50% - 25px)}@media (max-width:991.98px){#gspb_col-id-gsbp-3f096c4.gspb_row__col--6{width:100%}}@media (max-width:767.98px){#gspb_col-id-gsbp-3f096c4.gspb_row__col--6{width:calc(100% - 25px)}}@media (max-width:575.98px){#gspb_col-id-gsbp-3f096c4.gspb_row__col--6{width:100%}}@media (max-width:991.98px){#gspb_heading-id-gsbp-d9024e8{font-size:25px}}#gspb_heading-id-gsbp-d9024e8,#gspb_heading-id-gsbp-d9024e8 .gsap-g-line,.gspb_text-id-gsbp-105d8e4,.gspb_text-id-gsbp-105d8e4 .gsap-g-line{text-align:center!important}@media (max-width:991.98px){#gspb_heading-id-gsbp-d9024e8,#gspb_heading-id-gsbp-d9024e8 .gsap-g-line{text-align:center!important}}#gspb_heading-id-gsbp-d9024e8{color:var(--wp--preset--color--palette-color-8, var(--theme-palette-color-8, #ffffff));margin-top:0;margin-bottom:10px}@media (max-width:991.98px){.gspb_text-id-gsbp-105d8e4,.gspb_text-id-gsbp-105d8e4 .gsap-g-line{text-align:center!important}}.gspb_text-id-gsbp-105d8e4{color:var(--wp--preset--color--palette-color-8, var(--theme-palette-color-8, #ffffff));margin-bottom:0!important}#gspb_col-id-gsbp-a3dc620.gspb_row__col--6{width:calc(50% - 25px)}@media (max-width:991.98px){#gspb_col-id-gsbp-a3dc620.gspb_row__col--6{width:100%}}@media (max-width:767.98px){#gspb_col-id-gsbp-a3dc620.gspb_row__col--6{width:calc(100% - 25px)}}@media (max-width:575.98px){#gspb_col-id-gsbp-a3dc620.gspb_row__col--6{width:100%}}.gspb_container-id-gsbp-bf50111{flex-direction:column;box-sizing:border-box}#gspb_container-id-gsbp-bf50111.gspb_container>p:last-of-type{margin-bottom:0}#gspb_container-id-gsbp-bf50111.gspb_container{position:relative;padding:10px;background-color:var(--wp--preset--color--palette-color-8, var(--theme-palette-color-8, #ffffff))}#gspb_container-id-gsbp-bf50111.gspb_container,#gspb_container-id-gsbp-bf50111.gspb_container>.gspb_backgroundOverlay{border-top-left-radius:20px;border-top-right-radius:20px;border-bottom-right-radius:20px;border-bottom-left-radius:20px}@media (max-width:991.98px){#gspb_container-id-gsbp-bf50111.gspb_container{background-color:var(--wp--preset--color--palette-color-8, var(--theme-palette-color-8, #ffffff))}}@media (max-width:767.98px){#gspb_container-id-gsbp-bf50111.gspb_container{background-color:var(--wp--preset--color--palette-color-8, var(--theme-palette-color-8, #ffffff))}}@media (max-width:575.98px){#gspb_container-id-gsbp-bf50111.gspb_container{background-color:var(--wp--preset--color--palette-color-8, var(--theme-palette-color-8, #ffffff))}}#gspb_container-id-gsbp-bf50111.gspb_container{box-sizing:border-box}.gspb_text-id-gsbp-bfed62f{font-weight:400;font-family:Nunito,sans-serif;font-size:40px;color:var(--wp--preset--color--palette-color-8, var(--theme-palette-color-8, #ffffff));border-top-left-radius:50px;border-top-right-radius:50px;border-bottom-right-radius:50px;border-bottom-left-radius:50px;border-top-style:solid;border-width:1px nullpx nullpx;border-top-color:var(--wp--preset--color--border, #00000012);background-color:var(--wp--preset--color--palette-color-2, var(--theme-palette-color-2, #24417C))}.gspb_text-id-gsbp-bfed62f,.gspb_text-id-gsbp-bfed62f .gsap-g-line{text-align:center!important}@media (max-width:991.98px){.gspb_text-id-gsbp-bfed62f{background-color:var(--wp--preset--color--palette-color-2, var(--theme-palette-color-2, #24417C))}}@media (max-width:767.98px){.gspb_text-id-gsbp-bfed62f{background-color:var(--wp--preset--color--palette-color-2, var(--theme-palette-color-2, #24417C))}}@media (max-width:575.98px){.gspb_text-id-gsbp-bfed62f{background-color:var(--wp--preset--color--palette-color-2, var(--theme-palette-color-2, #24417C))}}","footnotes":""},"class_list":["post-16","page","type-page","status-publish","hentry"],"blocksy_meta":{"has_hero_section":"disabled","vertical_spacing_source":"custom","content_area_spacing":"none","styles_descriptor":{"styles":{"desktop":"","tablet":"","mobile":""},"google_fonts":[],"version":6},"disable_header":"yes"},"_links":{"self":[{"href":"https:\/\/kinemedic.com.py\/index.php\/wp-json\/wp\/v2\/pages\/16","targetHints":{"allow":["GET"]}}],"collection":[{"href":"https:\/\/kinemedic.com.py\/index.php\/wp-json\/wp\/v2\/pages"}],"about":[{"href":"https:\/\/kinemedic.com.py\/index.php\/wp-json\/wp\/v2\/types\/page"}],"author":[{"embeddable":true,"href":"https:\/\/kinemedic.com.py\/index.php\/wp-json\/wp\/v2\/users\/1"}],"replies":[{"embeddable":true,"href":"https:\/\/kinemedic.com.py\/index.php\/wp-json\/wp\/v2\/comments?post=16"}],"version-history":[{"count":23,"href":"https:\/\/kinemedic.com.py\/index.php\/wp-json\/wp\/v2\/pages\/16\/revisions"}],"predecessor-version":[{"id":1178,"href":"https:\/\/kinemedic.com.py\/index.php\/wp-json\/wp\/v2\/pages\/16\/revisions\/1178"}],"wp:attachment":[{"href":"https:\/\/kinemedic.com.py\/index.php\/wp-json\/wp\/v2\/media?parent=16"}],"curies":[{"name":"wp","href":"https:\/\/api.w.org\/{rel}","templated":true}]}}